{"id":344,"date":"2024-01-30T12:44:49","date_gmt":"2024-01-30T11:44:49","guid":{"rendered":"https:\/\/poslovnipaketi.com\/?post_type=product&#038;p=344"},"modified":"2025-10-15T21:52:09","modified_gmt":"2025-10-15T19:52:09","slug":"golden-heart","status":"publish","type":"product","link":"https:\/\/poslovnipaketi.com\/en\/proizvod\/golden-heart\/","title":{"rendered":"Zlatni okusi Mediterana"},"content":{"rendered":"","protected":false},"excerpt":{"rendered":"<ul>\n<li>Fernet amaro 0,2L<\/li>\n<li>Namaz od lje\u0161njaka 240g<\/li>\n<li>\u010coko srce bijela i mlije\u010dna \u010dokolada sa za\u010dinima 200g<\/li>\n<\/ul>\n<p> [&#8230;]<\/p>\n<p><a class=\"btn btn-secondary virtualna-read-more-link\" href=\"https:\/\/poslovnipaketi.com\/en\/proizvod\/golden-heart\/\">Read More&#8230;<span class=\"screen-reader-text\"> from Zlatni okusi Mediterana<\/span><\/a><\/p>\n","protected":false},"featured_media":345,"template":"","meta":{"_acf_changed":false},"product_cat":[16],"product_tag":[],"class_list":{"0":"post-344","1":"product","2":"type-product","3":"status-publish","4":"has-post-thumbnail","6":"product_cat-poslovni-paketi","8":"first","9":"instock","10":"shipping-taxable","11":"purchasable","12":"product-type-simple"},"acf":[],"yoast_head":"<!-- This site is optimized with the Yoast SEO plugin v26.4 - https:\/\/yoast.com\/wordpress\/plugins\/seo\/ -->\n<title>Zlatni okusi Mediterana - Poslovni paketi<\/title>\n<meta name=\"robots\" content=\"index, follow, max-snippet:-1, max-image-preview:large, max-video-preview:-1\" \/>\n<link rel=\"canonical\" href=\"https:\/\/poslovnipaketi.com\/en\/proizvod\/golden-heart\/\" \/>\n<meta property=\"og:locale\" content=\"en_US\" \/>\n<meta property=\"og:type\" content=\"article\" \/>\n<meta property=\"og:title\" content=\"Zlatni okusi Mediterana - Poslovni paketi\" \/>\n<meta property=\"og:description\" content=\"Fernet amaro 0,2L  Namaz od lje\u0161njaka 240g  \u010coko srce bijela i mlije\u010dna \u010dokolada sa za\u010dinima 200g  [...]Read More... from Zlatni okusi Mediterana\" \/>\n<meta property=\"og:url\" content=\"https:\/\/poslovnipaketi.com\/en\/proizvod\/golden-heart\/\" \/>\n<meta property=\"og:site_name\" content=\"Poslovni paketi\" \/>\n<meta property=\"article:modified_time\" content=\"2025-10-15T19:52:09+00:00\" \/>\n<meta property=\"og:image\" content=\"https:\/\/poslovnipaketi.com\/wp-content\/uploads\/2024\/01\/golden-heart.jpg\" \/>\n\t<meta property=\"og:image:width\" content=\"600\" \/>\n\t<meta property=\"og:image:height\" content=\"946\" \/>\n\t<meta property=\"og:image:type\" content=\"image\/jpeg\" \/>\n<meta name=\"twitter:card\" content=\"summary_large_image\" \/>\n<meta name=\"twitter:label1\" content=\"Est. reading time\" \/>\n\t<meta name=\"twitter:data1\" content=\"1 minute\" \/>\n<script type=\"application\/ld+json\" class=\"yoast-schema-graph\">{\"@context\":\"https:\/\/schema.org\",\"@graph\":[{\"@type\":\"WebPage\",\"@id\":\"https:\/\/poslovnipaketi.com\/en\/proizvod\/golden-heart\/\",\"url\":\"https:\/\/poslovnipaketi.com\/en\/proizvod\/golden-heart\/\",\"name\":\"Zlatni okusi Mediterana - Poslovni paketi\",\"isPartOf\":{\"@id\":\"https:\/\/poslovnipaketi.com\/#website\"},\"primaryImageOfPage\":{\"@id\":\"https:\/\/poslovnipaketi.com\/en\/proizvod\/golden-heart\/#primaryimage\"},\"image\":{\"@id\":\"https:\/\/poslovnipaketi.com\/en\/proizvod\/golden-heart\/#primaryimage\"},\"thumbnailUrl\":\"https:\/\/poslovnipaketi.com\/wp-content\/uploads\/2024\/01\/golden-heart.jpg\",\"datePublished\":\"2024-01-30T11:44:49+00:00\",\"dateModified\":\"2025-10-15T19:52:09+00:00\",\"breadcrumb\":{\"@id\":\"https:\/\/poslovnipaketi.com\/en\/proizvod\/golden-heart\/#breadcrumb\"},\"inLanguage\":\"en-US\",\"potentialAction\":[{\"@type\":\"ReadAction\",\"target\":[\"https:\/\/poslovnipaketi.com\/en\/proizvod\/golden-heart\/\"]}]},{\"@type\":\"ImageObject\",\"inLanguage\":\"en-US\",\"@id\":\"https:\/\/poslovnipaketi.com\/en\/proizvod\/golden-heart\/#primaryimage\",\"url\":\"https:\/\/poslovnipaketi.com\/wp-content\/uploads\/2024\/01\/golden-heart.jpg\",\"contentUrl\":\"https:\/\/poslovnipaketi.com\/wp-content\/uploads\/2024\/01\/golden-heart.jpg\",\"width\":600,\"height\":946},{\"@type\":\"BreadcrumbList\",\"@id\":\"https:\/\/poslovnipaketi.com\/en\/proizvod\/golden-heart\/#breadcrumb\",\"itemListElement\":[{\"@type\":\"ListItem\",\"position\":1,\"name\":\"Po\u010detna stranica\",\"item\":\"http:\/\/poslovnipaketi.com\/en\/\"},{\"@type\":\"ListItem\",\"position\":2,\"name\":\"Shop\",\"item\":\"http:\/\/poslovnipaketi.com\/shop\/\"},{\"@type\":\"ListItem\",\"position\":3,\"name\":\"Zlatni okusi Mediterana\"}]},{\"@type\":\"WebSite\",\"@id\":\"https:\/\/poslovnipaketi.com\/#website\",\"url\":\"https:\/\/poslovnipaketi.com\/\",\"name\":\"Poslovni paketi\",\"description\":\"\",\"potentialAction\":[{\"@type\":\"SearchAction\",\"target\":{\"@type\":\"EntryPoint\",\"urlTemplate\":\"https:\/\/poslovnipaketi.com\/?s={search_term_string}\"},\"query-input\":{\"@type\":\"PropertyValueSpecification\",\"valueRequired\":true,\"valueName\":\"search_term_string\"}}],\"inLanguage\":\"en-US\"}]}<\/script>\n<!-- \/ Yoast SEO plugin. -->","yoast_head_json":{"title":"Zlatni okusi Mediterana - Poslovni paketi","robots":{"index":"index","follow":"follow","max-snippet":"max-snippet:-1","max-image-preview":"max-image-preview:large","max-video-preview":"max-video-preview:-1"},"canonical":"https:\/\/poslovnipaketi.com\/en\/proizvod\/golden-heart\/","og_locale":"en_US","og_type":"article","og_title":"Zlatni okusi Mediterana - Poslovni paketi","og_description":"Fernet amaro 0,2L  Namaz od lje\u0161njaka 240g  \u010coko srce bijela i mlije\u010dna \u010dokolada sa za\u010dinima 200g  [...]Read More... from Zlatni okusi Mediterana","og_url":"https:\/\/poslovnipaketi.com\/en\/proizvod\/golden-heart\/","og_site_name":"Poslovni paketi","article_modified_time":"2025-10-15T19:52:09+00:00","og_image":[{"width":600,"height":946,"url":"https:\/\/poslovnipaketi.com\/wp-content\/uploads\/2024\/01\/golden-heart.jpg","type":"image\/jpeg"}],"twitter_card":"summary_large_image","twitter_misc":{"Est. reading time":"1 minute"},"schema":{"@context":"https:\/\/schema.org","@graph":[{"@type":"WebPage","@id":"https:\/\/poslovnipaketi.com\/en\/proizvod\/golden-heart\/","url":"https:\/\/poslovnipaketi.com\/en\/proizvod\/golden-heart\/","name":"Zlatni okusi Mediterana - Poslovni paketi","isPartOf":{"@id":"https:\/\/poslovnipaketi.com\/#website"},"primaryImageOfPage":{"@id":"https:\/\/poslovnipaketi.com\/en\/proizvod\/golden-heart\/#primaryimage"},"image":{"@id":"https:\/\/poslovnipaketi.com\/en\/proizvod\/golden-heart\/#primaryimage"},"thumbnailUrl":"https:\/\/poslovnipaketi.com\/wp-content\/uploads\/2024\/01\/golden-heart.jpg","datePublished":"2024-01-30T11:44:49+00:00","dateModified":"2025-10-15T19:52:09+00:00","breadcrumb":{"@id":"https:\/\/poslovnipaketi.com\/en\/proizvod\/golden-heart\/#breadcrumb"},"inLanguage":"en-US","potentialAction":[{"@type":"ReadAction","target":["https:\/\/poslovnipaketi.com\/en\/proizvod\/golden-heart\/"]}]},{"@type":"ImageObject","inLanguage":"en-US","@id":"https:\/\/poslovnipaketi.com\/en\/proizvod\/golden-heart\/#primaryimage","url":"https:\/\/poslovnipaketi.com\/wp-content\/uploads\/2024\/01\/golden-heart.jpg","contentUrl":"https:\/\/poslovnipaketi.com\/wp-content\/uploads\/2024\/01\/golden-heart.jpg","width":600,"height":946},{"@type":"BreadcrumbList","@id":"https:\/\/poslovnipaketi.com\/en\/proizvod\/golden-heart\/#breadcrumb","itemListElement":[{"@type":"ListItem","position":1,"name":"Po\u010detna stranica","item":"http:\/\/poslovnipaketi.com\/en\/"},{"@type":"ListItem","position":2,"name":"Shop","item":"http:\/\/poslovnipaketi.com\/shop\/"},{"@type":"ListItem","position":3,"name":"Zlatni okusi Mediterana"}]},{"@type":"WebSite","@id":"https:\/\/poslovnipaketi.com\/#website","url":"https:\/\/poslovnipaketi.com\/","name":"Poslovni paketi","description":"","potentialAction":[{"@type":"SearchAction","target":{"@type":"EntryPoint","urlTemplate":"https:\/\/poslovnipaketi.com\/?s={search_term_string}"},"query-input":{"@type":"PropertyValueSpecification","valueRequired":true,"valueName":"search_term_string"}}],"inLanguage":"en-US"}]}},"_links":{"self":[{"href":"https:\/\/poslovnipaketi.com\/en\/wp-json\/wp\/v2\/product\/344","targetHints":{"allow":["GET"]}}],"collection":[{"href":"https:\/\/poslovnipaketi.com\/en\/wp-json\/wp\/v2\/product"}],"about":[{"href":"https:\/\/poslovnipaketi.com\/en\/wp-json\/wp\/v2\/types\/product"}],"wp:featuredmedia":[{"embeddable":true,"href":"https:\/\/poslovnipaketi.com\/en\/wp-json\/wp\/v2\/media\/345"}],"wp:attachment":[{"href":"https:\/\/poslovnipaketi.com\/en\/wp-json\/wp\/v2\/media?parent=344"}],"wp:term":[{"taxonomy":"product_cat","embeddable":true,"href":"https:\/\/poslovnipaketi.com\/en\/wp-json\/wp\/v2\/product_cat?post=344"},{"taxonomy":"product_tag","embeddable":true,"href":"https:\/\/poslovnipaketi.com\/en\/wp-json\/wp\/v2\/product_tag?post=344"}],"curies":[{"name":"wp","href":"https:\/\/api.w.org\/{rel}","templated":true}]}}